{"id":593,"date":"2023-06-28T13:07:45","date_gmt":"2023-06-28T11:07:45","guid":{"rendered":"https:\/\/www.qoocheloo.dk\/?post_type=product&#038;p=593"},"modified":"2025-05-10T13:40:40","modified_gmt":"2025-05-10T11:40:40","slug":"glow-cushion-cut-crystal-ring-medium-2","status":"publish","type":"product","link":"https:\/\/www.qoocheloo.dk\/da\/v\/glow-cushion-cut-crystal-ring-medium-2\/","title":{"rendered":"GLOW CUSHION CUT CRYSTAL RING &#8211; MEDIUM"},"content":{"rendered":"<p><span style=\"vertical-align: inherit;\"><span style=\"vertical-align: inherit;\">GOLD VERMEIL. <\/span><span style=\"vertical-align: inherit;\">STERLING SILVER 925. COAT 18 CARAT GOLD. <\/span><span style=\"vertical-align: inherit;\">CHAMPAGNE CRYSTALS (AAAAA) HIGHEST CLARITY AND SHINE<\/span><\/span><\/p>\n<p><span style=\"vertical-align: inherit;\"><span style=\"vertical-align: inherit;\">(22mm X 22mm)<\/span><\/span><\/p>\n","protected":false},"excerpt":{"rendered":"<p>Fork\u00e6l dig selv med vores Glow-kollektion, inspireret af den festlige stemning af champagne. Smykkerne er prydet med glitrende champagnekrystaller, der skaber et tidl\u00f8st udtryk. Perfekte til b\u00e5de s\u00e6rlige begivenheder og hverdage, da de tilf\u00f8jer en luksuri\u00f8s gl\u00f8d og sofistikeret kant til ethvert look.<\/p>\n<p>Gold Vermeil<br \/>\nSmykket er lavet af det fineste Genanvendt Sterling S\u00f8lv 925, belagt med 18 Karat Guld og h\u00e5nds\u00e6t med facetslebne champagnekrystaller af h\u00f8jeste klarhed og kvalitet (A5).<\/p>\n","protected":false},"featured_media":597,"comment_status":"open","ping_status":"closed","template":"","meta":[],"product_cat":[15,16,23],"product_tag":[140],"class_list":{"0":"post-593","1":"product","2":"type-product","3":"status-publish","4":"has-post-thumbnail","6":"product_cat-kollektion","7":"product_cat-glow","8":"product_cat-ringe","9":"product_tag-glow-cushion-cut-crystal-ring","11":"first","12":"instock","13":"shipping-taxable","14":"purchasable","15":"product-type-variable"},"jetpack_sharing_enabled":true,"_links":{"self":[{"href":"https:\/\/www.qoocheloo.dk\/da\/wp-json\/wp\/v2\/product\/593","targetHints":{"allow":["GET"]}}],"collection":[{"href":"https:\/\/www.qoocheloo.dk\/da\/wp-json\/wp\/v2\/product"}],"about":[{"href":"https:\/\/www.qoocheloo.dk\/da\/wp-json\/wp\/v2\/types\/product"}],"replies":[{"embeddable":true,"href":"https:\/\/www.qoocheloo.dk\/da\/wp-json\/wp\/v2\/comments?post=593"}],"wp:featuredmedia":[{"embeddable":true,"href":"https:\/\/www.qoocheloo.dk\/da\/wp-json\/wp\/v2\/media\/597"}],"wp:attachment":[{"href":"https:\/\/www.qoocheloo.dk\/da\/wp-json\/wp\/v2\/media?parent=593"}],"wp:term":[{"taxonomy":"product_cat","embeddable":true,"href":"https:\/\/www.qoocheloo.dk\/da\/wp-json\/wp\/v2\/product_cat?post=593"},{"taxonomy":"product_tag","embeddable":true,"href":"https:\/\/www.qoocheloo.dk\/da\/wp-json\/wp\/v2\/product_tag?post=593"}],"curies":[{"name":"wp","href":"https:\/\/api.w.org\/{rel}","templated":true}]}}