{"id":534,"date":"2023-06-28T12:51:26","date_gmt":"2023-06-28T10:51:26","guid":{"rendered":"https:\/\/www.qoocheloo.dk\/?post_type=product&#038;p=534"},"modified":"2025-05-10T19:58:04","modified_gmt":"2025-05-10T17:58:04","slug":"qoocheloo-butterfly-stud-earrings","status":"publish","type":"product","link":"https:\/\/www.qoocheloo.dk\/da\/v\/qoocheloo-butterfly-stud-earrings\/","title":{"rendered":"QOOCHELOO BUTTERFLY STUD EARRINGS"},"content":{"rendered":"<p><span style=\"vertical-align: inherit;\"><span style=\"vertical-align: inherit;\">GOLD VERMEIL. <\/span><span style=\"vertical-align: inherit;\">STERLING SILVER 925. COAT 18 CARAT GOLD. <\/span><span style=\"vertical-align: inherit;\">WHITE CRYSTALS (AAAAA) HIGHEST QUALITY AND SHINE<\/span><\/span><\/p>\n<p><span style=\"vertical-align: inherit;\"><span style=\"vertical-align: inherit;\">(10mm x 10mm)<\/span><\/span><\/p>\n","protected":false},"excerpt":{"rendered":"<p>Qoocheloo&#8217;s signatur sommerfuglekollektion fanger essensen af en magisk forvandling. Sommerfuglen repr\u00e6senterer rejsen mod personlig v\u00e6kst og forvandling. En betagende kollektion inspireret af frihed, h\u00e5b og dr\u00f8mme. Hvert smykke er designet med omhu og fanger sommerfuglens sk\u00f8nhed. Kollektionen er udsmykket med facetslebne klare krystaller. Smykket er lavet af det fineste genanvendt Sterling S\u00f8lv 925, belagt med 18 karat hvidguld. H\u00e5ndsat med facetslebne krystaller af h\u00f8jeste klarhed, glans og kvalitet. 1cmx1cm.<\/p>\n","protected":false},"featured_media":535,"comment_status":"open","ping_status":"closed","template":"","meta":[],"product_cat":[15,19,24],"product_tag":[205],"class_list":{"0":"post-534","1":"product","2":"type-product","3":"status-publish","4":"has-post-thumbnail","6":"product_cat-kollektion","7":"product_cat-butterfly","8":"product_cat-oereringe","9":"product_tag-butterfly-stud-earrings","11":"first","12":"instock","13":"shipping-taxable","14":"purchasable","15":"product-type-simple"},"jetpack_sharing_enabled":true,"_links":{"self":[{"href":"https:\/\/www.qoocheloo.dk\/da\/wp-json\/wp\/v2\/product\/534","targetHints":{"allow":["GET"]}}],"collection":[{"href":"https:\/\/www.qoocheloo.dk\/da\/wp-json\/wp\/v2\/product"}],"about":[{"href":"https:\/\/www.qoocheloo.dk\/da\/wp-json\/wp\/v2\/types\/product"}],"replies":[{"embeddable":true,"href":"https:\/\/www.qoocheloo.dk\/da\/wp-json\/wp\/v2\/comments?post=534"}],"wp:featuredmedia":[{"embeddable":true,"href":"https:\/\/www.qoocheloo.dk\/da\/wp-json\/wp\/v2\/media\/535"}],"wp:attachment":[{"href":"https:\/\/www.qoocheloo.dk\/da\/wp-json\/wp\/v2\/media?parent=534"}],"wp:term":[{"taxonomy":"product_cat","embeddable":true,"href":"https:\/\/www.qoocheloo.dk\/da\/wp-json\/wp\/v2\/product_cat?post=534"},{"taxonomy":"product_tag","embeddable":true,"href":"https:\/\/www.qoocheloo.dk\/da\/wp-json\/wp\/v2\/product_tag?post=534"}],"curies":[{"name":"wp","href":"https:\/\/api.w.org\/{rel}","templated":true}]}}