{"id":473,"date":"2023-06-28T10:53:25","date_gmt":"2023-06-28T08:53:25","guid":{"rendered":"https:\/\/www.qoocheloo.dk\/?post_type=product&#038;p=473"},"modified":"2025-09-12T17:23:56","modified_gmt":"2025-09-12T15:23:56","slug":"illuminate-hoop-earrings","status":"publish","type":"product","link":"https:\/\/www.qoocheloo.dk\/da\/v\/illuminate-hoop-earrings\/","title":{"rendered":"ILLUMINATE HOOP EARRINGS"},"content":{"rendered":"<p><span style=\"vertical-align: inherit;\"><span style=\"vertical-align: inherit;\">GOLD VERMEIL. <\/span><span style=\"vertical-align: inherit;\">STERLING SILVER 925 WITH 18 CARAT GOLD.<\/span><\/span><\/p>\n","protected":false},"excerpt":{"rendered":"<p><strong>Illuminate<\/strong> \u2013 en kollektion inspireret af de gamle pyramider, der symboliserer opv\u00e5gning og evighedens magi. Disse tidl\u00f8se smykker lader dit lys skinne og udtrykker din stil med skarpe, kantede designs. Perfekte til at tilf\u00f8je et cool og klassisk touch til b\u00e5de hverdag og festlige lejligheder.<\/p>\n<p>Gold Vermeil. Smykkerne er lavet af Sterling S\u00f8lv 925 af h\u00f8jeste kvalitet og belagt med et tykkere lag af 18 karat guld for at opn\u00e5 Gold Vermeil-standarden. De f\u00f8les eksklusive og l\u00e6kre at have p\u00e5. 4 cm i diameter.<\/p>\n","protected":false},"featured_media":474,"comment_status":"open","ping_status":"closed","template":"","meta":[],"product_cat":[15,21,24],"product_tag":[215],"class_list":{"0":"post-473","1":"product","2":"type-product","3":"status-publish","4":"has-post-thumbnail","6":"product_cat-kollektion","7":"product_cat-illuminate","8":"product_cat-oereringe","9":"product_tag-illuminate-hoop-earrings","11":"first","12":"instock","13":"shipping-taxable","14":"purchasable","15":"product-type-simple"},"jetpack_sharing_enabled":true,"_links":{"self":[{"href":"https:\/\/www.qoocheloo.dk\/da\/wp-json\/wp\/v2\/product\/473","targetHints":{"allow":["GET"]}}],"collection":[{"href":"https:\/\/www.qoocheloo.dk\/da\/wp-json\/wp\/v2\/product"}],"about":[{"href":"https:\/\/www.qoocheloo.dk\/da\/wp-json\/wp\/v2\/types\/product"}],"replies":[{"embeddable":true,"href":"https:\/\/www.qoocheloo.dk\/da\/wp-json\/wp\/v2\/comments?post=473"}],"wp:featuredmedia":[{"embeddable":true,"href":"https:\/\/www.qoocheloo.dk\/da\/wp-json\/wp\/v2\/media\/474"}],"wp:attachment":[{"href":"https:\/\/www.qoocheloo.dk\/da\/wp-json\/wp\/v2\/media?parent=473"}],"wp:term":[{"taxonomy":"product_cat","embeddable":true,"href":"https:\/\/www.qoocheloo.dk\/da\/wp-json\/wp\/v2\/product_cat?post=473"},{"taxonomy":"product_tag","embeddable":true,"href":"https:\/\/www.qoocheloo.dk\/da\/wp-json\/wp\/v2\/product_tag?post=473"}],"curies":[{"name":"wp","href":"https:\/\/api.w.org\/{rel}","templated":true}]}}