{"id":356,"date":"2023-06-12T13:36:22","date_gmt":"2023-06-12T11:36:22","guid":{"rendered":"https:\/\/www.qoocheloo.dk\/?post_type=product&#038;p=356"},"modified":"2025-05-10T15:43:03","modified_gmt":"2025-05-10T13:43:03","slug":"dazzle-stud-crystal-earrings-white","status":"publish","type":"product","link":"https:\/\/www.qoocheloo.dk\/da\/v\/dazzle-stud-crystal-earrings-white\/","title":{"rendered":"DAZZLE STUD CRYSTAL EARRINGS &#8211; WHITE"},"content":{"rendered":"<p><span style=\"vertical-align: inherit;\"><span style=\"vertical-align: inherit;\">GOLD VERMEIL. <\/span><span style=\"vertical-align: inherit;\">STERLING SILVER 925. COAT 18 KARAT GOLD. <\/span><span style=\"vertical-align: inherit;\">WHITE CRYSTALS (AAAAA) HIGHEST SHINE AND CLARITY.<\/span><\/span><\/p>\n<p><span style=\"vertical-align: inherit;\"><span style=\"vertical-align: inherit;\">(10mm x 10mm)<\/span><\/span><\/p>\n","protected":false},"excerpt":{"rendered":"<p>Dazzle \u2013 Lad dig fortrylle af vores str\u00e5lende kollektion, der skinner og fortryller med sit design. Hvert smykke er besat med krystaller af h\u00f8jeste klarhed og kvalitet, der fanger lyset p\u00e5 en fantastisk m\u00e5de. Vores smykker fra Dazzle er alsidige og perfekte til b\u00e5de hverdag og festlige begivenheder. De udstr\u00e5ler en klar klassisk stil med et moderne twist.<\/p>\n<p>Gold Vermeil<br \/>\nSmykket er lavet af det fineste Sterling S\u00f8lv 925, belagt med 18 Karat Hvidguld. Besat med hvide facetslebne krystaller af h\u00f8jeste klarhed, glans og kvalitet.<\/p>\n","protected":false},"featured_media":357,"comment_status":"open","ping_status":"closed","template":"","meta":[],"product_cat":[15,19,33,24],"product_tag":[131,132],"class_list":{"0":"post-356","1":"product","2":"type-product","3":"status-publish","4":"has-post-thumbnail","6":"product_cat-kollektion","7":"product_cat-butterfly","8":"product_cat-dazzle","9":"product_cat-oereringe","10":"product_tag-dazzle-stud-crystal-earrings","11":"product_tag-dazzle-stud-crystal-oereringe","13":"first","14":"instock","15":"shipping-taxable","16":"purchasable","17":"product-type-simple"},"jetpack_sharing_enabled":true,"_links":{"self":[{"href":"https:\/\/www.qoocheloo.dk\/da\/wp-json\/wp\/v2\/product\/356","targetHints":{"allow":["GET"]}}],"collection":[{"href":"https:\/\/www.qoocheloo.dk\/da\/wp-json\/wp\/v2\/product"}],"about":[{"href":"https:\/\/www.qoocheloo.dk\/da\/wp-json\/wp\/v2\/types\/product"}],"replies":[{"embeddable":true,"href":"https:\/\/www.qoocheloo.dk\/da\/wp-json\/wp\/v2\/comments?post=356"}],"wp:featuredmedia":[{"embeddable":true,"href":"https:\/\/www.qoocheloo.dk\/da\/wp-json\/wp\/v2\/media\/357"}],"wp:attachment":[{"href":"https:\/\/www.qoocheloo.dk\/da\/wp-json\/wp\/v2\/media?parent=356"}],"wp:term":[{"taxonomy":"product_cat","embeddable":true,"href":"https:\/\/www.qoocheloo.dk\/da\/wp-json\/wp\/v2\/product_cat?post=356"},{"taxonomy":"product_tag","embeddable":true,"href":"https:\/\/www.qoocheloo.dk\/da\/wp-json\/wp\/v2\/product_tag?post=356"}],"curies":[{"name":"wp","href":"https:\/\/api.w.org\/{rel}","templated":true}]}}