{"id":3404,"date":"2025-07-23T12:33:02","date_gmt":"2025-07-23T10:33:02","guid":{"rendered":"https:\/\/www.qoocheloo.com\/v\/lumen-cross-earrings\/"},"modified":"2025-07-23T12:34:55","modified_gmt":"2025-07-23T10:34:55","slug":"lumen-cross-earrings","status":"publish","type":"product","link":"https:\/\/www.qoocheloo.dk\/da\/v\/lumen-cross-earrings\/","title":{"rendered":"LUMEN CROSS EARRINGS"},"content":{"rendered":"","protected":false},"excerpt":{"rendered":"<p>Lumen Cross \u00d8reringe er designet i 925 sterling s\u00f8lv med 18 karat guldbel\u00e6gning og sat med klare krystalsten i dr\u00e5be- og rundslibning. Det ikoniske kors f\u00e5r nyt liv gennem skarpe detaljer og funklende sten. ca. 18mm i h\u00f8jde<\/p>\n","protected":false},"featured_media":3316,"comment_status":"open","ping_status":"closed","template":"","meta":[],"product_cat":[15,35,228,24],"product_tag":[],"class_list":{"0":"post-3404","1":"product","2":"type-product","3":"status-publish","4":"has-post-thumbnail","6":"product_cat-kollektion","7":"product_cat-mysterious","8":"product_cat-new-collection","9":"product_cat-oereringe","11":"first","12":"instock","13":"shipping-taxable","14":"purchasable","15":"product-type-simple"},"jetpack_sharing_enabled":true,"_links":{"self":[{"href":"https:\/\/www.qoocheloo.dk\/da\/wp-json\/wp\/v2\/product\/3404","targetHints":{"allow":["GET"]}}],"collection":[{"href":"https:\/\/www.qoocheloo.dk\/da\/wp-json\/wp\/v2\/product"}],"about":[{"href":"https:\/\/www.qoocheloo.dk\/da\/wp-json\/wp\/v2\/types\/product"}],"replies":[{"embeddable":true,"href":"https:\/\/www.qoocheloo.dk\/da\/wp-json\/wp\/v2\/comments?post=3404"}],"wp:featuredmedia":[{"embeddable":true,"href":"https:\/\/www.qoocheloo.dk\/da\/wp-json\/wp\/v2\/media\/3316"}],"wp:attachment":[{"href":"https:\/\/www.qoocheloo.dk\/da\/wp-json\/wp\/v2\/media?parent=3404"}],"wp:term":[{"taxonomy":"product_cat","embeddable":true,"href":"https:\/\/www.qoocheloo.dk\/da\/wp-json\/wp\/v2\/product_cat?post=3404"},{"taxonomy":"product_tag","embeddable":true,"href":"https:\/\/www.qoocheloo.dk\/da\/wp-json\/wp\/v2\/product_tag?post=3404"}],"curies":[{"name":"wp","href":"https:\/\/api.w.org\/{rel}","templated":true}]}}