{"id":3370,"date":"2025-07-20T18:08:40","date_gmt":"2025-07-20T16:08:40","guid":{"rendered":"https:\/\/www.qoocheloo.com\/?post_type=product&#038;p=3370"},"modified":"2025-07-20T18:11:57","modified_gmt":"2025-07-20T16:11:57","slug":"lumen-cross","status":"publish","type":"product","link":"https:\/\/www.qoocheloo.dk\/da\/v\/lumen-cross\/","title":{"rendered":"LUMEN CROSS NECKLACE"},"content":{"rendered":"","protected":false},"excerpt":{"rendered":"<p data-start=\"352\" data-end=\"623\">Et moderne ikon med klassiske linjer.<br data-start=\"389\" data-end=\"392\" \/>Denne halsk\u00e6de forener det tidl\u00f8se kors-symbol med et skarpt og elegant udtryk. Vedh\u00e6nget er besat med klare krystaller og h\u00e6nger i en fin k\u00e6de af 18 karat guldbelagt sterling s\u00f8lv \u2013 underspillet, raffineret og fyldt med betydning.<\/p>\n<p data-start=\"625\" data-end=\"694\">Et smykke med ro og tilstedev\u00e6relse \u2013 diskret og st\u00e6rkt p\u00e5 samme tid. L\u00e6ngde 45cm &#8211; korset er 18mm i h\u00f8jden.<\/p>\n","protected":false},"featured_media":3338,"comment_status":"open","ping_status":"closed","template":"","meta":[],"product_cat":[15,25,35,228],"product_tag":[],"class_list":{"0":"post-3370","1":"product","2":"type-product","3":"status-publish","4":"has-post-thumbnail","6":"product_cat-kollektion","7":"product_cat-halskaede","8":"product_cat-mysterious","9":"product_cat-new-collection","11":"first","12":"instock","13":"shipping-taxable","14":"purchasable","15":"product-type-simple"},"jetpack_sharing_enabled":true,"_links":{"self":[{"href":"https:\/\/www.qoocheloo.dk\/da\/wp-json\/wp\/v2\/product\/3370","targetHints":{"allow":["GET"]}}],"collection":[{"href":"https:\/\/www.qoocheloo.dk\/da\/wp-json\/wp\/v2\/product"}],"about":[{"href":"https:\/\/www.qoocheloo.dk\/da\/wp-json\/wp\/v2\/types\/product"}],"replies":[{"embeddable":true,"href":"https:\/\/www.qoocheloo.dk\/da\/wp-json\/wp\/v2\/comments?post=3370"}],"wp:featuredmedia":[{"embeddable":true,"href":"https:\/\/www.qoocheloo.dk\/da\/wp-json\/wp\/v2\/media\/3338"}],"wp:attachment":[{"href":"https:\/\/www.qoocheloo.dk\/da\/wp-json\/wp\/v2\/media?parent=3370"}],"wp:term":[{"taxonomy":"product_cat","embeddable":true,"href":"https:\/\/www.qoocheloo.dk\/da\/wp-json\/wp\/v2\/product_cat?post=3370"},{"taxonomy":"product_tag","embeddable":true,"href":"https:\/\/www.qoocheloo.dk\/da\/wp-json\/wp\/v2\/product_tag?post=3370"}],"curies":[{"name":"wp","href":"https:\/\/api.w.org\/{rel}","templated":true}]}}