{"id":3349,"date":"2025-07-16T18:14:44","date_gmt":"2025-07-16T16:14:44","guid":{"rendered":"https:\/\/www.qoocheloo.com\/?post_type=product&#038;p=3349"},"modified":"2025-07-23T14:42:34","modified_gmt":"2025-07-23T12:42:34","slug":"oval-silver-earrings","status":"publish","type":"product","link":"https:\/\/www.qoocheloo.dk\/da\/v\/oval-silver-earrings\/","title":{"rendered":"OVAL SILVER EARRINGS"},"content":{"rendered":"","protected":false},"excerpt":{"rendered":"<div class=\"product-short-description\">\n<p>\u00d8reringe i \u00e6gte sterling s\u00f8lv belagt med 18 karat hvidguld. H\u00f8jeste kvalitet og unikt oval design. elegant og praktisk til hverdagen. 12mm i l\u00e6ngde<\/p>\n<\/div>\n","protected":false},"featured_media":3438,"comment_status":"open","ping_status":"closed","template":"","meta":[],"product_cat":[15,18,228,24,47],"product_tag":[],"class_list":{"0":"post-3349","1":"product","2":"type-product","3":"status-publish","4":"has-post-thumbnail","6":"product_cat-kollektion","7":"product_cat-curvy","8":"product_cat-new-collection","9":"product_cat-oereringe","10":"product_cat-uncategorized-da","12":"first","13":"instock","14":"shipping-taxable","15":"purchasable","16":"product-type-simple"},"jetpack_sharing_enabled":true,"_links":{"self":[{"href":"https:\/\/www.qoocheloo.dk\/da\/wp-json\/wp\/v2\/product\/3349","targetHints":{"allow":["GET"]}}],"collection":[{"href":"https:\/\/www.qoocheloo.dk\/da\/wp-json\/wp\/v2\/product"}],"about":[{"href":"https:\/\/www.qoocheloo.dk\/da\/wp-json\/wp\/v2\/types\/product"}],"replies":[{"embeddable":true,"href":"https:\/\/www.qoocheloo.dk\/da\/wp-json\/wp\/v2\/comments?post=3349"}],"wp:featuredmedia":[{"embeddable":true,"href":"https:\/\/www.qoocheloo.dk\/da\/wp-json\/wp\/v2\/media\/3438"}],"wp:attachment":[{"href":"https:\/\/www.qoocheloo.dk\/da\/wp-json\/wp\/v2\/media?parent=3349"}],"wp:term":[{"taxonomy":"product_cat","embeddable":true,"href":"https:\/\/www.qoocheloo.dk\/da\/wp-json\/wp\/v2\/product_cat?post=3349"},{"taxonomy":"product_tag","embeddable":true,"href":"https:\/\/www.qoocheloo.dk\/da\/wp-json\/wp\/v2\/product_tag?post=3349"}],"curies":[{"name":"wp","href":"https:\/\/api.w.org\/{rel}","templated":true}]}}