{"id":3017,"date":"2025-03-29T15:34:06","date_gmt":"2025-03-29T14:34:06","guid":{"rendered":"https:\/\/www.qoocheloo.dk\/?post_type=product&#038;p=3017"},"modified":"2025-07-23T13:42:35","modified_gmt":"2025-07-23T11:42:35","slug":"butterfly-white-crystal-earrings","status":"publish","type":"product","link":"https:\/\/www.qoocheloo.dk\/da\/v\/butterfly-white-crystal-earrings\/","title":{"rendered":"BUTTERFLY WHITE CRYSTAL EARRINGS"},"content":{"rendered":"","protected":false},"excerpt":{"rendered":"<p>Qoocheloo\u2019s signatur sommerfuglekollektion fanger essensen af en magisk forvandling. Sommerfuglen repr\u00e6senterer rejsen mod personlig v\u00e6kst og forvandling. En betagende kollektion inspireret af frihed, h\u00e5b og dr\u00f8mme. Hvert smykke er designet med omhu og fanger sommerfuglens sk\u00f8nhed. Kollektionen er udsmykket med facetslebne klare krystaller. Smykket er lavet af det fineste genanvendt Sterling S\u00f8lv 925, belagt med 18 karat guld. H\u00e5ndsat med facetslebne krystaller af h\u00f8jeste klarhed, glans og kvalitet. 1cmx1cm.<\/p>\n","protected":false},"featured_media":2933,"comment_status":"open","ping_status":"closed","template":"","meta":[],"product_cat":[15,19,24],"product_tag":[],"class_list":{"0":"post-3017","1":"product","2":"type-product","3":"status-publish","4":"has-post-thumbnail","6":"product_cat-kollektion","7":"product_cat-butterfly","8":"product_cat-oereringe","10":"first","11":"instock","12":"shipping-taxable","13":"purchasable","14":"product-type-simple"},"jetpack_sharing_enabled":true,"_links":{"self":[{"href":"https:\/\/www.qoocheloo.dk\/da\/wp-json\/wp\/v2\/product\/3017","targetHints":{"allow":["GET"]}}],"collection":[{"href":"https:\/\/www.qoocheloo.dk\/da\/wp-json\/wp\/v2\/product"}],"about":[{"href":"https:\/\/www.qoocheloo.dk\/da\/wp-json\/wp\/v2\/types\/product"}],"replies":[{"embeddable":true,"href":"https:\/\/www.qoocheloo.dk\/da\/wp-json\/wp\/v2\/comments?post=3017"}],"wp:featuredmedia":[{"embeddable":true,"href":"https:\/\/www.qoocheloo.dk\/da\/wp-json\/wp\/v2\/media\/2933"}],"wp:attachment":[{"href":"https:\/\/www.qoocheloo.dk\/da\/wp-json\/wp\/v2\/media?parent=3017"}],"wp:term":[{"taxonomy":"product_cat","embeddable":true,"href":"https:\/\/www.qoocheloo.dk\/da\/wp-json\/wp\/v2\/product_cat?post=3017"},{"taxonomy":"product_tag","embeddable":true,"href":"https:\/\/www.qoocheloo.dk\/da\/wp-json\/wp\/v2\/product_tag?post=3017"}],"curies":[{"name":"wp","href":"https:\/\/api.w.org\/{rel}","templated":true}]}}