{"id":2430,"date":"2024-11-02T19:18:28","date_gmt":"2024-11-02T18:18:28","guid":{"rendered":"https:\/\/www.qoocheloo.dk\/?post_type=product&#038;p=2430"},"modified":"2024-11-02T19:18:29","modified_gmt":"2024-11-02T18:18:29","slug":"qarma-grey-agate-crocodile","status":"publish","type":"product","link":"https:\/\/www.qoocheloo.dk\/da\/v\/qarma-grey-agate-crocodile\/","title":{"rendered":"QARMA GREY AGATE &#038; CROCODILE"},"content":{"rendered":"<ul>\n<li>Mat Gr\u00e5 Agat \u2013 \u00e6gte krystalsten<\/li>\n<li>Justerbar knude<\/li>\n<li>Pr\u00e6senteres i gave\u00e6ske<\/li>\n<li>Perlest\u00f8rrelse: 8 x 8 mm<\/li>\n<li>Stainless steel 18 karat Guld bel\u00e6gning. Waterproof<\/li>\n<li>Krokodille skind detalje<\/li>\n<\/ul>\n","protected":false},"excerpt":{"rendered":"<div class=\"product-short-description\">\n<p><b>Power og Balance:<\/b><br \/>\nDette armb\u00e5nd med mat gr\u00e5 Agat er kendt for sine beroligende og stabiliserende egenskaber. Gr\u00e5 Agat hj\u00e6lper mod et uroligt sind, styrker jordforbindelsen og fremmer en dyb indre ro. Stenen st\u00f8tter mental klarhed, t\u00e5lmodighed og evnen til at h\u00e5ndtere daglige udfordringer med fokus og ro.<\/p>\n<p><b>Unikt H\u00e5ndv\u00e6rk:<\/b><br \/>\nH\u00e5ndlavet med certificerede flade 8 mm natursten, detalje i krokodille skind der skaber et maskulint og tidl\u00f8st design. Stainless Steel med 18Karat Guldbel\u00e6gning. Waterproof. Topkvalitet.<\/p>\n<p><b>Justerbart og Komfortabelt:<\/b><br \/>\nDesignet med en holdbar macram\u00e9-knude, som passer til h\u00e5ndled fra 18 cm til 23 cm.<\/p>\n<\/div>\n","protected":false},"featured_media":2297,"comment_status":"open","ping_status":"closed","template":"","meta":[],"product_cat":[229],"product_tag":[],"class_list":{"0":"post-2430","1":"product","2":"type-product","3":"status-publish","4":"has-post-thumbnail","6":"product_cat-qarma-jewelry-for-him","8":"first","9":"outofstock","10":"shipping-taxable","11":"purchasable","12":"product-type-simple"},"jetpack_sharing_enabled":true,"_links":{"self":[{"href":"https:\/\/www.qoocheloo.dk\/da\/wp-json\/wp\/v2\/product\/2430","targetHints":{"allow":["GET"]}}],"collection":[{"href":"https:\/\/www.qoocheloo.dk\/da\/wp-json\/wp\/v2\/product"}],"about":[{"href":"https:\/\/www.qoocheloo.dk\/da\/wp-json\/wp\/v2\/types\/product"}],"replies":[{"embeddable":true,"href":"https:\/\/www.qoocheloo.dk\/da\/wp-json\/wp\/v2\/comments?post=2430"}],"wp:featuredmedia":[{"embeddable":true,"href":"https:\/\/www.qoocheloo.dk\/da\/wp-json\/wp\/v2\/media\/2297"}],"wp:attachment":[{"href":"https:\/\/www.qoocheloo.dk\/da\/wp-json\/wp\/v2\/media?parent=2430"}],"wp:term":[{"taxonomy":"product_cat","embeddable":true,"href":"https:\/\/www.qoocheloo.dk\/da\/wp-json\/wp\/v2\/product_cat?post=2430"},{"taxonomy":"product_tag","embeddable":true,"href":"https:\/\/www.qoocheloo.dk\/da\/wp-json\/wp\/v2\/product_tag?post=2430"}],"curies":[{"name":"wp","href":"https:\/\/api.w.org\/{rel}","templated":true}]}}