{"id":2419,"date":"2024-11-02T16:15:22","date_gmt":"2024-11-02T15:15:22","guid":{"rendered":"https:\/\/www.qoocheloo.dk\/?post_type=product&#038;p=2419"},"modified":"2025-04-09T09:23:39","modified_gmt":"2025-04-09T07:23:39","slug":"greentiger","status":"publish","type":"product","link":"https:\/\/www.qoocheloo.dk\/da\/v\/greentiger\/","title":{"rendered":"QARMA GREEN TIGERS EYE"},"content":{"rendered":"<ul>\n<li>Gr\u00f8n Tiger \u00d8je &#8211; \u00e6gte krystalsten<\/li>\n<li>Justerbar knude<\/li>\n<li>Pr\u00e6senteres i gave\u00e6ske<\/li>\n<li>Stenst\u00f8rrelse: 8 x 8 mm<\/li>\n<li>Stainless steel 18 karat Guld bel\u00e6gning. Waterproof<\/li>\n<li>Detalje med krokodilleskind<\/li>\n<\/ul>\n","protected":false},"excerpt":{"rendered":"<p><b>Power og Balance<\/b><br \/>\nGr\u00f8n tiger\u00f8je er en sj\u00e6lden krystalsten og kendt for at fremme indre ro, styrke intuition og tiltr\u00e6kke positive energier. Den hj\u00e6lper med at lindre stress og fremmer en f\u00f8lelse af balance og harmoni.<\/p>\n<p><b>Unikt H\u00e5ndv\u00e6rk:<\/b><br \/>\nH\u00e5ndlavet med certificerede flade natursten og detaljeret med krokodille skind for et maskulint og tidl\u00f8st design. Detalje i rustfrit st\u00e5l og 18 karat guldbel\u00e6gning. Waterproof. Topkvalitet.<\/p>\n<p><b>Justerbart og Komfortabelt:<\/b><br \/>\nDesignet med en holdbar macram\u00e9-knude, som passer til h\u00e5ndled fra 18 cm til 23 cm.<\/p>\n","protected":false},"featured_media":3075,"comment_status":"open","ping_status":"closed","template":"","meta":[],"product_cat":[229],"product_tag":[],"class_list":{"0":"post-2419","1":"product","2":"type-product","3":"status-publish","4":"has-post-thumbnail","6":"product_cat-qarma-jewelry-for-him","8":"first","9":"outofstock","10":"shipping-taxable","11":"purchasable","12":"product-type-simple"},"jetpack_sharing_enabled":true,"_links":{"self":[{"href":"https:\/\/www.qoocheloo.dk\/da\/wp-json\/wp\/v2\/product\/2419","targetHints":{"allow":["GET"]}}],"collection":[{"href":"https:\/\/www.qoocheloo.dk\/da\/wp-json\/wp\/v2\/product"}],"about":[{"href":"https:\/\/www.qoocheloo.dk\/da\/wp-json\/wp\/v2\/types\/product"}],"replies":[{"embeddable":true,"href":"https:\/\/www.qoocheloo.dk\/da\/wp-json\/wp\/v2\/comments?post=2419"}],"wp:featuredmedia":[{"embeddable":true,"href":"https:\/\/www.qoocheloo.dk\/da\/wp-json\/wp\/v2\/media\/3075"}],"wp:attachment":[{"href":"https:\/\/www.qoocheloo.dk\/da\/wp-json\/wp\/v2\/media?parent=2419"}],"wp:term":[{"taxonomy":"product_cat","embeddable":true,"href":"https:\/\/www.qoocheloo.dk\/da\/wp-json\/wp\/v2\/product_cat?post=2419"},{"taxonomy":"product_tag","embeddable":true,"href":"https:\/\/www.qoocheloo.dk\/da\/wp-json\/wp\/v2\/product_tag?post=2419"}],"curies":[{"name":"wp","href":"https:\/\/api.w.org\/{rel}","templated":true}]}}