{"id":2416,"date":"2024-11-02T15:18:50","date_gmt":"2024-11-02T14:18:50","guid":{"rendered":"https:\/\/www.qoocheloo.dk\/?post_type=product&#038;p=2416"},"modified":"2025-05-10T20:49:49","modified_gmt":"2025-05-10T18:49:49","slug":"qarma-tigers-eye-black-onyx","status":"publish","type":"product","link":"https:\/\/www.qoocheloo.dk\/da\/v\/qarma-tigers-eye-black-onyx\/","title":{"rendered":"QARMA TIGERS EYE &#038; BLACK ONYX"},"content":{"rendered":"<p><b>Detaljer:<\/b><\/p>\n<ul>\n<li>\u00c6gte Krystalsten i Tiger\u00f8je og sort onyx<\/li>\n<li>Justerbar knude<\/li>\n<li>Pr\u00e6senteres i gave\u00e6ske<\/li>\n<li>Perlest\u00f8rrelse: 8 x 8 mm<\/li>\n<li>stainless Steel 18K guldbelagt<\/li>\n<\/ul>\n","protected":false},"excerpt":{"rendered":"<p style=\"text-align: left;\"><b>Power og Balance:<\/b><br \/>\nDette armb\u00e5nd kombinerer Tiger\u00f8je- og sort Onyx sten, kendt for deres styrkende og beskyttende egenskaber. Tiger\u00f8je giver mental klarhed, fremmer selvtillid og hj\u00e6lper med at skabe balance, mens sort Onyx giver jordforbindelse og stabilitet. Sammen st\u00f8tter de fokus og indre ro og bringer en kraftfuld balance til hverdagen.<\/p>\n<p style=\"text-align: left;\"><b>Unikt H\u00e5ndv\u00e6rk:<\/b><br \/>\nH\u00e5ndlavet med certificerede flade 8 mm natursten for et maskulint og tidl\u00f8st udtryk. Stainless Steel med 18Karat Guldbel\u00e6gning. Waterproof.<\/p>\n<p style=\"text-align: left;\"><b>Justerbart og Komfortabelt:<\/b><br \/>\nDesignet med en holdbar macram\u00e9-knude, der passer til h\u00e5ndled fra 18 cm til 23 cm.<\/p>\n","protected":false},"featured_media":3077,"comment_status":"open","ping_status":"closed","template":"","meta":[],"product_cat":[229],"product_tag":[],"class_list":{"0":"post-2416","1":"product","2":"type-product","3":"status-publish","4":"has-post-thumbnail","6":"product_cat-qarma-jewelry-for-him","8":"first","9":"outofstock","10":"shipping-taxable","11":"purchasable","12":"product-type-simple"},"jetpack_sharing_enabled":true,"_links":{"self":[{"href":"https:\/\/www.qoocheloo.dk\/da\/wp-json\/wp\/v2\/product\/2416","targetHints":{"allow":["GET"]}}],"collection":[{"href":"https:\/\/www.qoocheloo.dk\/da\/wp-json\/wp\/v2\/product"}],"about":[{"href":"https:\/\/www.qoocheloo.dk\/da\/wp-json\/wp\/v2\/types\/product"}],"replies":[{"embeddable":true,"href":"https:\/\/www.qoocheloo.dk\/da\/wp-json\/wp\/v2\/comments?post=2416"}],"wp:featuredmedia":[{"embeddable":true,"href":"https:\/\/www.qoocheloo.dk\/da\/wp-json\/wp\/v2\/media\/3077"}],"wp:attachment":[{"href":"https:\/\/www.qoocheloo.dk\/da\/wp-json\/wp\/v2\/media?parent=2416"}],"wp:term":[{"taxonomy":"product_cat","embeddable":true,"href":"https:\/\/www.qoocheloo.dk\/da\/wp-json\/wp\/v2\/product_cat?post=2416"},{"taxonomy":"product_tag","embeddable":true,"href":"https:\/\/www.qoocheloo.dk\/da\/wp-json\/wp\/v2\/product_tag?post=2416"}],"curies":[{"name":"wp","href":"https:\/\/api.w.org\/{rel}","templated":true}]}}