{"id":2290,"date":"2024-10-14T14:53:23","date_gmt":"2024-10-14T12:53:23","guid":{"rendered":"https:\/\/www.qoocheloo.dk\/?post_type=product&#038;p=2290"},"modified":"2025-07-23T13:38:40","modified_gmt":"2025-07-23T11:38:40","slug":"glow-stud-charm","status":"publish","type":"product","link":"https:\/\/www.qoocheloo.dk\/da\/v\/glow-stud-charm\/","title":{"rendered":"GLOW STUD CHARM"},"content":{"rendered":"","protected":false},"excerpt":{"rendered":"<p><strong>Opdag vores stilfulde stud \u00f8reringe<\/strong> \u2013 elegante og alsidige, med sm\u00e5, skinnende krystaller, der tilf\u00f8jer et strejf af luksus. Studsene kan placeres i forskellige huller i \u00f8ret og kombineres p\u00e5 flere m\u00e5der for at skabe et individuelt udtryk. Med fire forskellige designs i samme stil kan du mikse og matche pr\u00e6cis, som du \u00f8nsker. Tilf\u00f8j flere studs i kollektionen Glow.<\/p>\n<p><strong>Gold Vermeil<\/strong> \u00f8reringene er lavet af genanvendt Sterling S\u00f8lv 925, belagt med 18 karat guld og prydet med klare krystaller i h\u00f8jeste kvalitet (A5). s\u00e6lges som s\u00e6t (2 stk.)<\/p>\n","protected":false},"featured_media":2267,"comment_status":"open","ping_status":"closed","template":"","meta":[],"product_cat":[15,16,24],"product_tag":[],"class_list":{"0":"post-2290","1":"product","2":"type-product","3":"status-publish","4":"has-post-thumbnail","6":"product_cat-kollektion","7":"product_cat-glow","8":"product_cat-oereringe","10":"first","11":"instock","12":"shipping-taxable","13":"purchasable","14":"product-type-simple"},"jetpack_sharing_enabled":true,"_links":{"self":[{"href":"https:\/\/www.qoocheloo.dk\/da\/wp-json\/wp\/v2\/product\/2290","targetHints":{"allow":["GET"]}}],"collection":[{"href":"https:\/\/www.qoocheloo.dk\/da\/wp-json\/wp\/v2\/product"}],"about":[{"href":"https:\/\/www.qoocheloo.dk\/da\/wp-json\/wp\/v2\/types\/product"}],"replies":[{"embeddable":true,"href":"https:\/\/www.qoocheloo.dk\/da\/wp-json\/wp\/v2\/comments?post=2290"}],"wp:featuredmedia":[{"embeddable":true,"href":"https:\/\/www.qoocheloo.dk\/da\/wp-json\/wp\/v2\/media\/2267"}],"wp:attachment":[{"href":"https:\/\/www.qoocheloo.dk\/da\/wp-json\/wp\/v2\/media?parent=2290"}],"wp:term":[{"taxonomy":"product_cat","embeddable":true,"href":"https:\/\/www.qoocheloo.dk\/da\/wp-json\/wp\/v2\/product_cat?post=2290"},{"taxonomy":"product_tag","embeddable":true,"href":"https:\/\/www.qoocheloo.dk\/da\/wp-json\/wp\/v2\/product_tag?post=2290"}],"curies":[{"name":"wp","href":"https:\/\/api.w.org\/{rel}","templated":true}]}}