{"id":2287,"date":"2024-10-14T13:31:32","date_gmt":"2024-10-14T11:31:32","guid":{"rendered":"https:\/\/www.qoocheloo.dk\/?post_type=product&#038;p=2287"},"modified":"2025-07-23T13:36:03","modified_gmt":"2025-07-23T11:36:03","slug":"solitaire-necklace","status":"publish","type":"product","link":"https:\/\/www.qoocheloo.dk\/da\/v\/solitaire-necklace\/","title":{"rendered":"GLOW SOLITAIRE NECKLACE"},"content":{"rendered":"","protected":false},"excerpt":{"rendered":"<p class=\"\" data-start=\"0\" data-end=\"202\">En klassisk halsk\u00e6de med et moderne twist. Den funklende solitaire krystalsten tilf\u00f8jer tidl\u00f8s elegance, mens de to forskellige k\u00e6detyper skaber et unikt og raffineret udtryk.<\/p>\n<p class=\"\" data-start=\"204\" data-end=\"363\">Fremstillet i \u00e6gte 925 sterlings\u00f8lv, belagt med 18K guld, og prydet med en klar krystal af h\u00f8jeste kvalitet. 45 cm<\/p>\n","protected":false},"featured_media":2929,"comment_status":"open","ping_status":"closed","template":"","meta":[],"product_cat":[15,16,25],"product_tag":[],"class_list":{"0":"post-2287","1":"product","2":"type-product","3":"status-publish","4":"has-post-thumbnail","6":"product_cat-kollektion","7":"product_cat-glow","8":"product_cat-halskaede","10":"first","11":"instock","12":"shipping-taxable","13":"purchasable","14":"product-type-simple"},"jetpack_sharing_enabled":true,"_links":{"self":[{"href":"https:\/\/www.qoocheloo.dk\/da\/wp-json\/wp\/v2\/product\/2287","targetHints":{"allow":["GET"]}}],"collection":[{"href":"https:\/\/www.qoocheloo.dk\/da\/wp-json\/wp\/v2\/product"}],"about":[{"href":"https:\/\/www.qoocheloo.dk\/da\/wp-json\/wp\/v2\/types\/product"}],"replies":[{"embeddable":true,"href":"https:\/\/www.qoocheloo.dk\/da\/wp-json\/wp\/v2\/comments?post=2287"}],"wp:featuredmedia":[{"embeddable":true,"href":"https:\/\/www.qoocheloo.dk\/da\/wp-json\/wp\/v2\/media\/2929"}],"wp:attachment":[{"href":"https:\/\/www.qoocheloo.dk\/da\/wp-json\/wp\/v2\/media?parent=2287"}],"wp:term":[{"taxonomy":"product_cat","embeddable":true,"href":"https:\/\/www.qoocheloo.dk\/da\/wp-json\/wp\/v2\/product_cat?post=2287"},{"taxonomy":"product_tag","embeddable":true,"href":"https:\/\/www.qoocheloo.dk\/da\/wp-json\/wp\/v2\/product_tag?post=2287"}],"curies":[{"name":"wp","href":"https:\/\/api.w.org\/{rel}","templated":true}]}}