{"id":1958,"date":"2023-12-12T18:50:26","date_gmt":"2023-12-12T17:50:26","guid":{"rendered":"https:\/\/www.qoocheloo.dk\/?post_type=product&#038;p=1958"},"modified":"2024-07-29T14:48:36","modified_gmt":"2024-07-29T12:48:36","slug":"unite-chain-crystal-ring","status":"publish","type":"product","link":"https:\/\/www.qoocheloo.dk\/da\/v\/unite-chain-crystal-ring\/","title":{"rendered":"UNITE CHAIN CRYSTAL RING"},"content":{"rendered":"<p><span style=\"vertical-align: inherit;\"><span style=\"vertical-align: inherit;\">RECYCLED STERLING SILVER 925. 18 KARAT GOLD COATING. <\/span><span style=\"vertical-align: inherit;\">CLEAR CRYSTALS. <\/span><span style=\"vertical-align: inherit;\">ONE SIZE<\/span><\/span><\/p>\n","protected":false},"excerpt":{"rendered":"<div class=\"flex flex-grow flex-col max-w-full\">\n<div class=\"min-h-[20px] text-message flex w-full flex-col items-end gap-2 whitespace-pre-wrap break-words [.text-message+&amp;]:mt-5 overflow-x-auto\" dir=\"auto\" data-message-author-role=\"assistant\" data-message-id=\"52393593-0fb9-4702-9788-9c71470f894d\">\n<div class=\"flex w-full flex-col gap-1 empty:hidden first:pt-[3px]\">\n<div class=\"markdown prose w-full break-words dark:prose-invert light\">\n<p><strong>Unite<\/strong> \u2013 En kollektion, der symboliserer det st\u00e6rke b\u00e5nd af k\u00e6rlighed. Ringen er enkel og elegant i sit design.<\/p>\n<p>Smykket best\u00e5r af genanvendt Sterling S\u00f8lv 925 af h\u00f8jeste kvalitet, 18 karat forgyldning og klare krystaller af h\u00f8jeste klarhed. Perfekt til stacking. Justerbar ring &#8211; One size.<\/p>\n<\/div>\n<\/div>\n<\/div>\n<\/div>\n","protected":false},"featured_media":1865,"comment_status":"open","ping_status":"closed","template":"","meta":[],"product_cat":[15,23,20],"product_tag":[213],"class_list":{"0":"post-1958","1":"product","2":"type-product","3":"status-publish","4":"has-post-thumbnail","6":"product_cat-kollektion","7":"product_cat-ringe","8":"product_cat-unite","9":"product_tag-unite-chain-crystal-ring","11":"first","12":"instock","13":"shipping-taxable","14":"purchasable","15":"product-type-simple"},"jetpack_sharing_enabled":true,"_links":{"self":[{"href":"https:\/\/www.qoocheloo.dk\/da\/wp-json\/wp\/v2\/product\/1958","targetHints":{"allow":["GET"]}}],"collection":[{"href":"https:\/\/www.qoocheloo.dk\/da\/wp-json\/wp\/v2\/product"}],"about":[{"href":"https:\/\/www.qoocheloo.dk\/da\/wp-json\/wp\/v2\/types\/product"}],"replies":[{"embeddable":true,"href":"https:\/\/www.qoocheloo.dk\/da\/wp-json\/wp\/v2\/comments?post=1958"}],"wp:featuredmedia":[{"embeddable":true,"href":"https:\/\/www.qoocheloo.dk\/da\/wp-json\/wp\/v2\/media\/1865"}],"wp:attachment":[{"href":"https:\/\/www.qoocheloo.dk\/da\/wp-json\/wp\/v2\/media?parent=1958"}],"wp:term":[{"taxonomy":"product_cat","embeddable":true,"href":"https:\/\/www.qoocheloo.dk\/da\/wp-json\/wp\/v2\/product_cat?post=1958"},{"taxonomy":"product_tag","embeddable":true,"href":"https:\/\/www.qoocheloo.dk\/da\/wp-json\/wp\/v2\/product_tag?post=1958"}],"curies":[{"name":"wp","href":"https:\/\/api.w.org\/{rel}","templated":true}]}}