{"id":1895,"date":"2023-12-04T18:49:16","date_gmt":"2023-12-04T17:49:16","guid":{"rendered":"https:\/\/www.qoocheloo.dk\/?post_type=product&#038;p=1895"},"modified":"2024-07-27T17:07:07","modified_gmt":"2024-07-27T15:07:07","slug":"looloo-classy-earrings-gold","status":"publish","type":"product","link":"https:\/\/www.qoocheloo.dk\/da\/v\/looloo-classy-earrings-gold\/","title":{"rendered":"LOOLOO CLASSY EARRINGS GOLD"},"content":{"rendered":"<p><span style=\"vertical-align: inherit;\"><span style=\"vertical-align: inherit;\">STERLING SILVER 925 COATED WITH 18 KARAT GOLD WITH FRESH WATER PEARLS<\/span><\/span><\/p>\n<p><span style=\"vertical-align: inherit;\"><span style=\"vertical-align: inherit;\">DIMENSION: 30MM<\/span><\/span><\/p>\n","protected":false},"excerpt":{"rendered":"<p>LooLoo \u2013 en kollektion af romantiske og klassiske smykker. Vores smykker er designet med ferskvandsperler, der tilf\u00f8jer en simpel og tidl\u00f8s charme. Ordet \u201cLooLoo\u201d stammer fra \u00d8sten og betyder \u201ckostbare perler\u201d. Ferskvandsperler er kendt for deres naturlige sk\u00f8nhed og bl\u00f8de gl\u00f8d. Ferskvandsperler har ogs\u00e5 symbolsk betydning og repr\u00e6senterer visdom, n\u00e5de og beskyttelse. \u00d8reringene best\u00e5r af genanvendt Sterling S\u00f8lv 925, belagt med 18 karat guld og \u00e6gte ferskvandsperler.<\/p>\n","protected":false},"featured_media":1885,"comment_status":"open","ping_status":"closed","template":"","meta":[],"product_cat":[15,56,24],"product_tag":[89],"class_list":{"0":"post-1895","1":"product","2":"type-product","3":"status-publish","4":"has-post-thumbnail","6":"product_cat-kollektion","7":"product_cat-looloo","8":"product_cat-oereringe","9":"product_tag-classy-earrings-gold","11":"first","12":"outofstock","13":"shipping-taxable","14":"purchasable","15":"product-type-simple"},"jetpack_sharing_enabled":true,"_links":{"self":[{"href":"https:\/\/www.qoocheloo.dk\/da\/wp-json\/wp\/v2\/product\/1895","targetHints":{"allow":["GET"]}}],"collection":[{"href":"https:\/\/www.qoocheloo.dk\/da\/wp-json\/wp\/v2\/product"}],"about":[{"href":"https:\/\/www.qoocheloo.dk\/da\/wp-json\/wp\/v2\/types\/product"}],"replies":[{"embeddable":true,"href":"https:\/\/www.qoocheloo.dk\/da\/wp-json\/wp\/v2\/comments?post=1895"}],"wp:featuredmedia":[{"embeddable":true,"href":"https:\/\/www.qoocheloo.dk\/da\/wp-json\/wp\/v2\/media\/1885"}],"wp:attachment":[{"href":"https:\/\/www.qoocheloo.dk\/da\/wp-json\/wp\/v2\/media?parent=1895"}],"wp:term":[{"taxonomy":"product_cat","embeddable":true,"href":"https:\/\/www.qoocheloo.dk\/da\/wp-json\/wp\/v2\/product_cat?post=1895"},{"taxonomy":"product_tag","embeddable":true,"href":"https:\/\/www.qoocheloo.dk\/da\/wp-json\/wp\/v2\/product_tag?post=1895"}],"curies":[{"name":"wp","href":"https:\/\/api.w.org\/{rel}","templated":true}]}}