{"id":1520,"date":"2023-09-09T13:48:28","date_gmt":"2023-09-09T11:48:28","guid":{"rendered":"https:\/\/www.qoocheloo.dk\/?post_type=product&#038;p=1520"},"modified":"2025-05-10T19:32:40","modified_gmt":"2025-05-10T17:32:40","slug":"smooth-necklace-silver","status":"publish","type":"product","link":"https:\/\/www.qoocheloo.dk\/da\/v\/smooth-necklace-silver\/","title":{"rendered":"SMOOTH NECKLACE SILVER"},"content":{"rendered":"<p><span style=\"vertical-align: inherit;\"><span style=\"vertical-align: inherit;\">Sterling Silver 925. High Rhodium.<\/span><\/span><\/p>\n","protected":false},"excerpt":{"rendered":"<p><strong>Smooth Necklace<\/strong> \u2013 En slangek\u00e6de med fuld styrke p\u00e5 glans. Et klassisk look, der kan b\u00e6res i flere lag og kombineres med forskellige smykker. Smykket best\u00e5r af Sterling S\u00f8lv 925 af h\u00f8jeste kvalitet og h\u00f8j rhodium. L\u00e6ngde: 45+5 cm (3 mm bred).<\/p>\n","protected":false},"featured_media":1516,"comment_status":"open","ping_status":"closed","template":"","meta":[],"product_cat":[15,19,69,33,25],"product_tag":[74],"class_list":{"0":"post-1520","1":"product","2":"type-product","3":"status-publish","4":"has-post-thumbnail","6":"product_cat-kollektion","7":"product_cat-butterfly","8":"product_cat-celestial","9":"product_cat-dazzle","10":"product_cat-halskaede","11":"product_tag-smooth-necklace-silver","13":"first","14":"instock","15":"shipping-taxable","16":"purchasable","17":"product-type-simple"},"jetpack_sharing_enabled":true,"_links":{"self":[{"href":"https:\/\/www.qoocheloo.dk\/da\/wp-json\/wp\/v2\/product\/1520","targetHints":{"allow":["GET"]}}],"collection":[{"href":"https:\/\/www.qoocheloo.dk\/da\/wp-json\/wp\/v2\/product"}],"about":[{"href":"https:\/\/www.qoocheloo.dk\/da\/wp-json\/wp\/v2\/types\/product"}],"replies":[{"embeddable":true,"href":"https:\/\/www.qoocheloo.dk\/da\/wp-json\/wp\/v2\/comments?post=1520"}],"wp:featuredmedia":[{"embeddable":true,"href":"https:\/\/www.qoocheloo.dk\/da\/wp-json\/wp\/v2\/media\/1516"}],"wp:attachment":[{"href":"https:\/\/www.qoocheloo.dk\/da\/wp-json\/wp\/v2\/media?parent=1520"}],"wp:term":[{"taxonomy":"product_cat","embeddable":true,"href":"https:\/\/www.qoocheloo.dk\/da\/wp-json\/wp\/v2\/product_cat?post=1520"},{"taxonomy":"product_tag","embeddable":true,"href":"https:\/\/www.qoocheloo.dk\/da\/wp-json\/wp\/v2\/product_tag?post=1520"}],"curies":[{"name":"wp","href":"https:\/\/api.w.org\/{rel}","templated":true}]}}