{"id":1487,"date":"2023-08-29T13:54:31","date_gmt":"2023-08-29T11:54:31","guid":{"rendered":"https:\/\/www.qoocheloo.dk\/?post_type=product&#038;p=1487"},"modified":"2025-05-10T19:22:19","modified_gmt":"2025-05-10T17:22:19","slug":"turquoise-multiple-bracelet","status":"publish","type":"product","link":"https:\/\/www.qoocheloo.dk\/da\/v\/turquoise-multiple-bracelet\/","title":{"rendered":"TURQUOISE MULTIPLE BRACELET"},"content":{"rendered":"<p><span style=\"vertical-align: inherit;\"><span style=\"vertical-align: inherit;\">STERLING SILVER 925 COATED WITH 18 KARAT GOLD WITH TURQUOISE GEMSTONES<\/span><\/span><\/p>\n<p><span style=\"vertical-align: inherit;\"><span style=\"vertical-align: inherit;\">DIMENSION: Close-fitting bracelet with Length 15cm + 2cm extender. <\/span><span style=\"vertical-align: inherit;\">Please measure the circumference of your wrist before purchase.<\/span><\/span><\/p>\n","protected":false},"excerpt":{"rendered":"<p>Oplev hvor enkelhed og sk\u00f8nhed forenes i Magic Collection. Hvert smykke udstr\u00e5ler en delikat elegance, perfekt til dem der elsker raffineret design. Selvom de er enkle, b\u00e6rer de p\u00e5 den magi og betydning, som turkissten repr\u00e6senterer. Turkis siges at fremme balance, beskyttelse og positiv energi.<\/p>\n<p>Designet med minimalistisk stil, er smykkerne lavet af turkissten, Sterling S\u00f8lv 925 og belagt med 18 Karat Guld. Det t\u00e6tsiddende armb\u00e5nd har en l\u00e6ngde p\u00e5 15 cm + 2 cm forl\u00e6ngelse. M\u00e5l omkredsen af dit h\u00e5ndled f\u00f8r k\u00f8b.<\/p>\n","protected":false},"featured_media":1488,"comment_status":"open","ping_status":"closed","template":"","meta":[],"product_cat":[15,26,36],"product_tag":[142],"class_list":{"0":"post-1487","1":"product","2":"type-product","3":"status-publish","4":"has-post-thumbnail","6":"product_cat-kollektion","7":"product_cat-armbaand","8":"product_cat-magic","9":"product_tag-turquoise-multiple-bracelet","11":"first","12":"instock","13":"shipping-taxable","14":"purchasable","15":"product-type-simple"},"jetpack_sharing_enabled":true,"_links":{"self":[{"href":"https:\/\/www.qoocheloo.dk\/da\/wp-json\/wp\/v2\/product\/1487","targetHints":{"allow":["GET"]}}],"collection":[{"href":"https:\/\/www.qoocheloo.dk\/da\/wp-json\/wp\/v2\/product"}],"about":[{"href":"https:\/\/www.qoocheloo.dk\/da\/wp-json\/wp\/v2\/types\/product"}],"replies":[{"embeddable":true,"href":"https:\/\/www.qoocheloo.dk\/da\/wp-json\/wp\/v2\/comments?post=1487"}],"wp:featuredmedia":[{"embeddable":true,"href":"https:\/\/www.qoocheloo.dk\/da\/wp-json\/wp\/v2\/media\/1488"}],"wp:attachment":[{"href":"https:\/\/www.qoocheloo.dk\/da\/wp-json\/wp\/v2\/media?parent=1487"}],"wp:term":[{"taxonomy":"product_cat","embeddable":true,"href":"https:\/\/www.qoocheloo.dk\/da\/wp-json\/wp\/v2\/product_cat?post=1487"},{"taxonomy":"product_tag","embeddable":true,"href":"https:\/\/www.qoocheloo.dk\/da\/wp-json\/wp\/v2\/product_tag?post=1487"}],"curies":[{"name":"wp","href":"https:\/\/api.w.org\/{rel}","templated":true}]}}