{"id":1411,"date":"2023-07-31T10:42:23","date_gmt":"2023-07-31T08:42:23","guid":{"rendered":"https:\/\/www.qoocheloo.dk\/?post_type=product&#038;p=1411"},"modified":"2025-05-10T14:54:37","modified_gmt":"2025-05-10T12:54:37","slug":"polaris-necklace","status":"publish","type":"product","link":"https:\/\/www.qoocheloo.dk\/da\/v\/polaris-necklace\/","title":{"rendered":"POLARIS NECKLACE"},"content":{"rendered":"<p>STERLING SILVER 925. GOLD VERMEIL 18 KARAT WHITE GOLD. CRYSTALS (AAAAA)\u00a0 HIGHEST CLARITY AND SHINE.<\/p>\n<p>LENGTH: 70 cm. ADJUSTABLE LENGTH<\/p>\n","protected":false},"excerpt":{"rendered":"<p>Opdag vores Polaris Kollektion, ogs\u00e5 kendt som Nordstjernen. Den skinner klarest p\u00e5 den m\u00f8rke nattehimmel og symboliserer det guddommelige, mens den fungerer som en konstant vejledning i livet. Stjernesmykkerne med deres funklende glans har en wow faktor og vil minde dig om at f\u00f8lge dit indre kompas.<\/p>\n<p>Smykkerne er lavet af det fineste Sterling S\u00f8lv 925, belagt med 18 Karat Hvid Guld (Gold vermeil) og h\u00e5ndsat med de klareste krystaller af h\u00f8jeste kvalitet. Justerbar halsk\u00e6de og let at tage p\u00e5. L\u00e6ngde: 70 cm<\/p>\n","protected":false},"featured_media":1399,"comment_status":"open","ping_status":"closed","template":"","meta":[],"product_cat":[15,69,25],"product_tag":[75],"class_list":{"0":"post-1411","1":"product","2":"type-product","3":"status-publish","4":"has-post-thumbnail","6":"product_cat-kollektion","7":"product_cat-celestial","8":"product_cat-halskaede","9":"product_tag-polaris-necklace","11":"first","12":"instock","13":"shipping-taxable","14":"purchasable","15":"product-type-simple"},"jetpack_sharing_enabled":true,"_links":{"self":[{"href":"https:\/\/www.qoocheloo.dk\/da\/wp-json\/wp\/v2\/product\/1411","targetHints":{"allow":["GET"]}}],"collection":[{"href":"https:\/\/www.qoocheloo.dk\/da\/wp-json\/wp\/v2\/product"}],"about":[{"href":"https:\/\/www.qoocheloo.dk\/da\/wp-json\/wp\/v2\/types\/product"}],"replies":[{"embeddable":true,"href":"https:\/\/www.qoocheloo.dk\/da\/wp-json\/wp\/v2\/comments?post=1411"}],"wp:featuredmedia":[{"embeddable":true,"href":"https:\/\/www.qoocheloo.dk\/da\/wp-json\/wp\/v2\/media\/1399"}],"wp:attachment":[{"href":"https:\/\/www.qoocheloo.dk\/da\/wp-json\/wp\/v2\/media?parent=1411"}],"wp:term":[{"taxonomy":"product_cat","embeddable":true,"href":"https:\/\/www.qoocheloo.dk\/da\/wp-json\/wp\/v2\/product_cat?post=1411"},{"taxonomy":"product_tag","embeddable":true,"href":"https:\/\/www.qoocheloo.dk\/da\/wp-json\/wp\/v2\/product_tag?post=1411"}],"curies":[{"name":"wp","href":"https:\/\/api.w.org\/{rel}","templated":true}]}}