{"id":1374,"date":"2023-07-29T13:05:42","date_gmt":"2023-07-29T11:05:42","guid":{"rendered":"https:\/\/www.qoocheloo.dk\/?post_type=product&#038;p=1374"},"modified":"2024-06-10T20:22:00","modified_gmt":"2024-06-10T18:22:00","slug":"polaris-single-earring","status":"publish","type":"product","link":"https:\/\/www.qoocheloo.dk\/da\/v\/polaris-single-earring\/","title":{"rendered":"POLARIS SINGLE EARRING"},"content":{"rendered":"<p><span style=\"vertical-align: inherit;\"><span style=\"vertical-align: inherit;\">STERLING SILVER 925. GOLD VERMEIL 18 CARAT WHITE GOLD. <\/span><span style=\"vertical-align: inherit;\">CRYSTALS (AAAAA) HIGHEST CLARITY AND SHINE.<\/span><\/span><\/p>\n<p><span style=\"vertical-align: inherit;\"><span style=\"vertical-align: inherit;\">LENGTH: 9 CM<\/span><\/span><\/p>\n","protected":false},"excerpt":{"rendered":"<p>Polaris, ogs\u00e5 kendt som Nordstjernen. Den lyser klarest p\u00e5 den m\u00f8rke nattehimmel og symboliserer det guddommelige, samtidig med at den fungerer som en vejleder i livet. Smykkerne er lavet af det fineste Sterling S\u00f8lv 925, belagt med 18 Karat Hvidguld (Gold vermeil) og h\u00e5ndsat med de klareste krystaller af h\u00f8jeste kvalitet. \u00d8reringen er 9 cm lang og s\u00e6lges som en enkelt \u2013 1 \u00f8rering.<\/p>\n","protected":false},"featured_media":1377,"comment_status":"open","ping_status":"closed","template":"","meta":[],"product_cat":[24,15,69],"product_tag":[76],"class_list":{"0":"post-1374","1":"product","2":"type-product","3":"status-publish","4":"has-post-thumbnail","6":"product_cat-oereringe","7":"product_cat-kollektion","8":"product_cat-celestial","9":"product_tag-polaris-single-earring","11":"first","12":"instock","13":"shipping-taxable","14":"purchasable","15":"product-type-simple"},"jetpack_sharing_enabled":true,"_links":{"self":[{"href":"https:\/\/www.qoocheloo.dk\/da\/wp-json\/wp\/v2\/product\/1374","targetHints":{"allow":["GET"]}}],"collection":[{"href":"https:\/\/www.qoocheloo.dk\/da\/wp-json\/wp\/v2\/product"}],"about":[{"href":"https:\/\/www.qoocheloo.dk\/da\/wp-json\/wp\/v2\/types\/product"}],"replies":[{"embeddable":true,"href":"https:\/\/www.qoocheloo.dk\/da\/wp-json\/wp\/v2\/comments?post=1374"}],"wp:featuredmedia":[{"embeddable":true,"href":"https:\/\/www.qoocheloo.dk\/da\/wp-json\/wp\/v2\/media\/1377"}],"wp:attachment":[{"href":"https:\/\/www.qoocheloo.dk\/da\/wp-json\/wp\/v2\/media?parent=1374"}],"wp:term":[{"taxonomy":"product_cat","embeddable":true,"href":"https:\/\/www.qoocheloo.dk\/da\/wp-json\/wp\/v2\/product_cat?post=1374"},{"taxonomy":"product_tag","embeddable":true,"href":"https:\/\/www.qoocheloo.dk\/da\/wp-json\/wp\/v2\/product_tag?post=1374"}],"curies":[{"name":"wp","href":"https:\/\/api.w.org\/{rel}","templated":true}]}}