{"id":1046,"date":"2023-07-13T15:28:51","date_gmt":"2023-07-13T13:28:51","guid":{"rendered":"https:\/\/www.qoocheloo.dk\/?post_type=product&#038;p=1046"},"modified":"2025-05-10T19:29:12","modified_gmt":"2025-05-10T17:29:12","slug":"turquoise-triple-stud-earrings","status":"publish","type":"product","link":"https:\/\/www.qoocheloo.dk\/da\/v\/turquoise-triple-stud-earrings\/","title":{"rendered":"TURQUOISE TRIPLE STUD EARRINGS"},"content":{"rendered":"<p>STERLING SILVER 925 COATED WITH 18KARAT GOLD WITH TURQUOISE GEMSTONES<\/p>\n<p>DIMENSION: 13MM x 4MM<\/p>\n","protected":false},"excerpt":{"rendered":"<p>Velkommen til Magic kollektionen, hvor enkelhed og sk\u00f8nhed forenes. Hvert smykke udstr\u00e5ler et l\u00e6kkert udtryk og er perfekt til dem, der foretr\u00e6kker enkle og raffinerede designs. Trods deres enkle udtryk er de stadig fyldt med den magi og betydning, som turkis \u00e6delsten repr\u00e6senterer. Turkis \u00e6delsten siges at fremme balance, beskyttelse og positiv energi.<\/p>\n<p>Disse smykker er skabt med tanke p\u00e5 minimalistisk design og er lavet af turkis \u00e6delsten, Sterling S\u00f8lv 925 og belagt med 18 Karat Guld.<\/p>\n","protected":false},"featured_media":713,"comment_status":"open","ping_status":"closed","template":"","meta":[],"product_cat":[15,36,24],"product_tag":[159,158],"class_list":{"0":"post-1046","1":"product","2":"type-product","3":"status-publish","4":"has-post-thumbnail","6":"product_cat-kollektion","7":"product_cat-magic","8":"product_cat-oereringe","9":"product_tag-turkis-triple-oereringe","10":"product_tag-turquoise-triple-stud-earrings","12":"first","13":"instock","14":"shipping-taxable","15":"purchasable","16":"product-type-simple"},"jetpack_sharing_enabled":true,"_links":{"self":[{"href":"https:\/\/www.qoocheloo.dk\/da\/wp-json\/wp\/v2\/product\/1046","targetHints":{"allow":["GET"]}}],"collection":[{"href":"https:\/\/www.qoocheloo.dk\/da\/wp-json\/wp\/v2\/product"}],"about":[{"href":"https:\/\/www.qoocheloo.dk\/da\/wp-json\/wp\/v2\/types\/product"}],"replies":[{"embeddable":true,"href":"https:\/\/www.qoocheloo.dk\/da\/wp-json\/wp\/v2\/comments?post=1046"}],"wp:featuredmedia":[{"embeddable":true,"href":"https:\/\/www.qoocheloo.dk\/da\/wp-json\/wp\/v2\/media\/713"}],"wp:attachment":[{"href":"https:\/\/www.qoocheloo.dk\/da\/wp-json\/wp\/v2\/media?parent=1046"}],"wp:term":[{"taxonomy":"product_cat","embeddable":true,"href":"https:\/\/www.qoocheloo.dk\/da\/wp-json\/wp\/v2\/product_cat?post=1046"},{"taxonomy":"product_tag","embeddable":true,"href":"https:\/\/www.qoocheloo.dk\/da\/wp-json\/wp\/v2\/product_tag?post=1046"}],"curies":[{"name":"wp","href":"https:\/\/api.w.org\/{rel}","templated":true}]}}